{"id":124,"date":"2023-08-08T19:07:46","date_gmt":"2023-08-08T19:07:46","guid":{"rendered":"https:\/\/yzp.140.myftpupload.com\/?page_id=124"},"modified":"2025-09-25T08:34:07","modified_gmt":"2025-09-25T12:34:07","slug":"key-documents","status":"publish","type":"page","link":"https:\/\/pcnb.ca\/fr\/key-documents\/","title":{"rendered":"Documents importants"},"content":{"rendered":"<div data-elementor-type=\"wp-page\" data-elementor-id=\"124\" class=\"elementor elementor-124\" data-elementor-post-type=\"page\">\n\t\t\t\t<div class=\"elementor-element elementor-element-dc5f2fb e-flex e-con-boxed e-con e-parent\" data-id=\"dc5f2fb\" data-element_type=\"container\" data-settings=\"{&quot;background_background&quot;:&quot;classic&quot;}\">\n\t\t\t\t\t<div class=\"e-con-inner\">\n\t\t\t\t<div class=\"elementor-element elementor-element-74759de elementor-widget elementor-widget-heading\" data-id=\"74759de\" data-element_type=\"widget\" data-widget_type=\"heading.default\">\n\t\t\t\t<div class=\"elementor-widget-container\">\n\t\t\t\t\t<h1 class=\"elementor-heading-title elementor-size-default\">Documents importants<\/h1>\t\t\t\t<\/div>\n\t\t\t\t<\/div>\n\t\t\t\t\t<\/div>\n\t\t\t\t<\/div>\n\t\t<div class=\"elementor-element elementor-element-69d80bb e-flex e-con-boxed e-con e-parent\" data-id=\"69d80bb\" data-element_type=\"container\">\n\t\t\t\t\t<div class=\"e-con-inner\">\n\t\t\t\t<div class=\"elementor-element elementor-element-b6edede elementor-widget elementor-widget-spacer\" data-id=\"b6edede\" data-element_type=\"widget\" data-widget_type=\"spacer.default\">\n\t\t\t\t<div class=\"elementor-widget-container\">\n\t\t\t\t\t\t\t<div class=\"elementor-spacer\">\n\t\t\t<div class=\"elementor-spacer-inner\"><\/div>\n\t\t<\/div>\n\t\t\t\t\t\t<\/div>\n\t\t\t\t<\/div>\n\t\t\t\t\t<\/div>\n\t\t\t\t<\/div>\n\t\t<div class=\"elementor-element elementor-element-b04eb0c e-grid e-con-boxed e-con e-parent\" data-id=\"b04eb0c\" data-element_type=\"container\">\n\t\t\t\t\t<div class=\"e-con-inner\">\n\t\t<div class=\"elementor-element elementor-element-22f00c8 e-flex e-con-boxed e-con e-child\" data-id=\"22f00c8\" data-element_type=\"container\">\n\t\t\t\t\t<div class=\"e-con-inner\">\n\t\t\t\t<div class=\"elementor-element elementor-element-644151b elementor-widget elementor-widget-image\" data-id=\"644151b\" data-element_type=\"widget\" data-widget_type=\"image.default\">\n\t\t\t\t<div class=\"elementor-widget-container\">\n\t\t\t\t\t\t\t\t\t\t\t\t\t\t\t<img fetchpriority=\"high\" decoding=\"async\" width=\"800\" height=\"534\" src=\"https:\/\/pcnb.ca\/wp-content\/uploads\/2023\/08\/iStock-889031464-1024x683.jpg\" class=\"attachment-large size-large wp-image-801\" alt=\"\" srcset=\"https:\/\/pcnb.ca\/wp-content\/uploads\/2023\/08\/iStock-889031464-1024x683.jpg 1024w, https:\/\/pcnb.ca\/wp-content\/uploads\/2023\/08\/iStock-889031464-300x200.jpg 300w, https:\/\/pcnb.ca\/wp-content\/uploads\/2023\/08\/iStock-889031464-768x512.jpg 768w, https:\/\/pcnb.ca\/wp-content\/uploads\/2023\/08\/iStock-889031464-1536x1025.jpg 1536w, https:\/\/pcnb.ca\/wp-content\/uploads\/2023\/08\/iStock-889031464-2048x1367.jpg 2048w, https:\/\/pcnb.ca\/wp-content\/uploads\/2023\/08\/iStock-889031464-18x12.jpg 18w\" sizes=\"(max-width: 800px) 100vw, 800px\" \/>\t\t\t\t\t\t\t\t\t\t\t\t\t\t\t<\/div>\n\t\t\t\t<\/div>\n\t\t\t\t<div class=\"elementor-element elementor-element-f44ef76 elementor-widget elementor-widget-heading\" data-id=\"f44ef76\" data-element_type=\"widget\" data-widget_type=\"heading.default\">\n\t\t\t\t<div class=\"elementor-widget-container\">\n\t\t\t\t\t<h2 class=\"elementor-heading-title elementor-size-default\">Constitution<\/h2>\t\t\t\t<\/div>\n\t\t\t\t<\/div>\n\t\t\t\t<div class=\"elementor-element elementor-element-5d167f9 elementor-widget elementor-widget-button\" data-id=\"5d167f9\" data-element_type=\"widget\" data-widget_type=\"button.default\">\n\t\t\t\t<div class=\"elementor-widget-container\">\n\t\t\t\t\t\t\t\t\t<div class=\"elementor-button-wrapper\">\n\t\t\t\t\t<a class=\"elementor-button elementor-button-link elementor-size-sm\" href=\"https:\/\/pcnb.ca\/wp-content\/uploads\/2025\/09\/PCNB-Constitution-2025-05-24.pdf\" download=\"\">\n\t\t\t\t\t\t<span class=\"elementor-button-content-wrapper\">\n\t\t\t\t\t\t\t\t\t<span class=\"elementor-button-text\">T\u00e9l\u00e9charger<\/span>\n\t\t\t\t\t<\/span>\n\t\t\t\t\t<\/a>\n\t\t\t\t<\/div>\n\t\t\t\t\t\t\t\t<\/div>\n\t\t\t\t<\/div>\n\t\t\t\t\t<\/div>\n\t\t\t\t<\/div>\n\t\t<div class=\"elementor-element elementor-element-539be5b e-flex e-con-boxed e-con e-child\" data-id=\"539be5b\" data-element_type=\"container\">\n\t\t\t\t\t<div class=\"e-con-inner\">\n\t\t\t\t<div class=\"elementor-element elementor-element-988b9a2 elementor-widget elementor-widget-image\" data-id=\"988b9a2\" data-element_type=\"widget\" data-widget_type=\"image.default\">\n\t\t\t\t<div class=\"elementor-widget-container\">\n\t\t\t\t\t\t\t\t\t\t\t\t\t\t\t<img decoding=\"async\" width=\"800\" height=\"533\" src=\"https:\/\/pcnb.ca\/wp-content\/uploads\/2023\/08\/alif-caesar-rizqi-pratama-loUlSOXL81c-unsplash-1024x682.jpg\" class=\"attachment-large size-large wp-image-806\" alt=\"\" srcset=\"https:\/\/pcnb.ca\/wp-content\/uploads\/2023\/08\/alif-caesar-rizqi-pratama-loUlSOXL81c-unsplash-1024x682.jpg 1024w, https:\/\/pcnb.ca\/wp-content\/uploads\/2023\/08\/alif-caesar-rizqi-pratama-loUlSOXL81c-unsplash-300x200.jpg 300w, https:\/\/pcnb.ca\/wp-content\/uploads\/2023\/08\/alif-caesar-rizqi-pratama-loUlSOXL81c-unsplash-768x512.jpg 768w, https:\/\/pcnb.ca\/wp-content\/uploads\/2023\/08\/alif-caesar-rizqi-pratama-loUlSOXL81c-unsplash-1536x1024.jpg 1536w, https:\/\/pcnb.ca\/wp-content\/uploads\/2023\/08\/alif-caesar-rizqi-pratama-loUlSOXL81c-unsplash-2048x1365.jpg 2048w, https:\/\/pcnb.ca\/wp-content\/uploads\/2023\/08\/alif-caesar-rizqi-pratama-loUlSOXL81c-unsplash-18x12.jpg 18w\" sizes=\"(max-width: 800px) 100vw, 800px\" \/>\t\t\t\t\t\t\t\t\t\t\t\t\t\t\t<\/div>\n\t\t\t\t<\/div>\n\t\t\t\t<div class=\"elementor-element elementor-element-9ceb52a elementor-widget elementor-widget-heading\" data-id=\"9ceb52a\" data-element_type=\"widget\" data-widget_type=\"heading.default\">\n\t\t\t\t<div class=\"elementor-widget-container\">\n\t\t\t\t\t<h2 class=\"elementor-heading-title elementor-size-default\">Candidate Application - English<\/h2>\t\t\t\t<\/div>\n\t\t\t\t<\/div>\n\t\t\t\t<div class=\"elementor-element elementor-element-9627372 elementor-widget elementor-widget-button\" data-id=\"9627372\" data-element_type=\"widget\" data-widget_type=\"button.default\">\n\t\t\t\t<div class=\"elementor-widget-container\">\n\t\t\t\t\t\t\t\t\t<div class=\"elementor-button-wrapper\">\n\t\t\t\t\t<a class=\"elementor-button elementor-button-link elementor-size-sm\" href=\"https:\/\/pcnb.ca\/wp-content\/uploads\/2025\/03\/CRC-001-Nomination-Candidate-Application-Form-2025.pdf\" target=\"_blank\" download=\"\">\n\t\t\t\t\t\t<span class=\"elementor-button-content-wrapper\">\n\t\t\t\t\t\t\t\t\t<span class=\"elementor-button-text\">T\u00e9l\u00e9charger<\/span>\n\t\t\t\t\t<\/span>\n\t\t\t\t\t<\/a>\n\t\t\t\t<\/div>\n\t\t\t\t\t\t\t\t<\/div>\n\t\t\t\t<\/div>\n\t\t\t\t<div class=\"elementor-element elementor-element-a4ff6d6 elementor-widget elementor-widget-heading\" data-id=\"a4ff6d6\" data-element_type=\"widget\" data-widget_type=\"heading.default\">\n\t\t\t\t<div class=\"elementor-widget-container\">\n\t\t\t\t\t<h2 class=\"elementor-heading-title elementor-size-default\">Demande de Candidature - Fran\u00e7ais<\/h2>\t\t\t\t<\/div>\n\t\t\t\t<\/div>\n\t\t\t\t<div class=\"elementor-element elementor-element-14b4523 elementor-widget elementor-widget-button\" data-id=\"14b4523\" data-element_type=\"widget\" data-widget_type=\"button.default\">\n\t\t\t\t<div class=\"elementor-widget-container\">\n\t\t\t\t\t\t\t\t\t<div class=\"elementor-button-wrapper\">\n\t\t\t\t\t<a class=\"elementor-button elementor-button-link elementor-size-sm\" href=\"https:\/\/pcnb.ca\/wp-content\/uploads\/2025\/03\/CRC-001-Questionnaire-de-mise-en-candidature-2025.pdf\" target=\"_blank\" download=\"\">\n\t\t\t\t\t\t<span class=\"elementor-button-content-wrapper\">\n\t\t\t\t\t\t\t\t\t<span class=\"elementor-button-text\">T\u00e9l\u00e9charger<\/span>\n\t\t\t\t\t<\/span>\n\t\t\t\t\t<\/a>\n\t\t\t\t<\/div>\n\t\t\t\t\t\t\t\t<\/div>\n\t\t\t\t<\/div>\n\t\t\t\t\t<\/div>\n\t\t\t\t<\/div>\n\t\t<div class=\"elementor-element elementor-element-620a914 e-con-full e-flex e-con e-child\" data-id=\"620a914\" data-element_type=\"container\">\n\t\t\t\t<div class=\"elementor-element elementor-element-26b6602 elementor-widget elementor-widget-image\" data-id=\"26b6602\" data-element_type=\"widget\" data-widget_type=\"image.default\">\n\t\t\t\t<div class=\"elementor-widget-container\">\n\t\t\t\t\t\t\t\t\t\t\t\t\t\t\t<img decoding=\"async\" width=\"800\" height=\"533\" src=\"https:\/\/pcnb.ca\/wp-content\/uploads\/2023\/08\/alif-caesar-rizqi-pratama-loUlSOXL81c-unsplash-1024x682.jpg\" class=\"attachment-large size-large wp-image-806\" alt=\"\" srcset=\"https:\/\/pcnb.ca\/wp-content\/uploads\/2023\/08\/alif-caesar-rizqi-pratama-loUlSOXL81c-unsplash-1024x682.jpg 1024w, https:\/\/pcnb.ca\/wp-content\/uploads\/2023\/08\/alif-caesar-rizqi-pratama-loUlSOXL81c-unsplash-300x200.jpg 300w, https:\/\/pcnb.ca\/wp-content\/uploads\/2023\/08\/alif-caesar-rizqi-pratama-loUlSOXL81c-unsplash-768x512.jpg 768w, https:\/\/pcnb.ca\/wp-content\/uploads\/2023\/08\/alif-caesar-rizqi-pratama-loUlSOXL81c-unsplash-1536x1024.jpg 1536w, https:\/\/pcnb.ca\/wp-content\/uploads\/2023\/08\/alif-caesar-rizqi-pratama-loUlSOXL81c-unsplash-2048x1365.jpg 2048w, https:\/\/pcnb.ca\/wp-content\/uploads\/2023\/08\/alif-caesar-rizqi-pratama-loUlSOXL81c-unsplash-18x12.jpg 18w\" sizes=\"(max-width: 800px) 100vw, 800px\" \/>\t\t\t\t\t\t\t\t\t\t\t\t\t\t\t<\/div>\n\t\t\t\t<\/div>\n\t\t\t\t<div class=\"elementor-element elementor-element-85d9038 elementor-widget elementor-widget-heading\" data-id=\"85d9038\" data-element_type=\"widget\" data-widget_type=\"heading.default\">\n\t\t\t\t<div class=\"elementor-widget-container\">\n\t\t\t\t\t<h2 class=\"elementor-heading-title elementor-size-default\"><a href=\"https:\/\/assets.nationbuilder.com\/newbrunswickpc\/mailings\/12172\/attachments\/original\/2026_PCNB_Leadership_Election_Rules_-_Finale.pdf?1758803588\">LEADERSHIP ELECTION RULES<\/a><\/h2>\t\t\t\t<\/div>\n\t\t\t\t<\/div>\n\t\t\t\t<div class=\"elementor-element elementor-element-0c82795 elementor-widget elementor-widget-button\" data-id=\"0c82795\" data-element_type=\"widget\" data-widget_type=\"button.default\">\n\t\t\t\t<div class=\"elementor-widget-container\">\n\t\t\t\t\t\t\t\t\t<div class=\"elementor-button-wrapper\">\n\t\t\t\t\t<a class=\"elementor-button elementor-button-link elementor-size-sm\" href=\"https:\/\/assets.nationbuilder.com\/newbrunswickpc\/mailings\/12172\/attachments\/original\/2026_PCNB_Leadership_Election_Rules_-_Finale.pdf?1758803588\" target=\"_blank\" download=\"\">\n\t\t\t\t\t\t<span class=\"elementor-button-content-wrapper\">\n\t\t\t\t\t\t\t\t\t<span class=\"elementor-button-text\">T\u00e9l\u00e9charger<\/span>\n\t\t\t\t\t<\/span>\n\t\t\t\t\t<\/a>\n\t\t\t\t<\/div>\n\t\t\t\t\t\t\t\t<\/div>\n\t\t\t\t<\/div>\n\t\t\t\t<div class=\"elementor-element elementor-element-b813b66 elementor-widget elementor-widget-heading\" data-id=\"b813b66\" data-element_type=\"widget\" data-widget_type=\"heading.default\">\n\t\t\t\t<div class=\"elementor-widget-container\">\n\t\t\t\t\t<h2 class=\"elementor-heading-title elementor-size-default\">R\u00c8GLEMENTS R\u00c9GISSANT LA COURSE \u00c0 LA CHEFFERIE<\/h2>\t\t\t\t<\/div>\n\t\t\t\t<\/div>\n\t\t\t\t<div class=\"elementor-element elementor-element-b582b60 elementor-widget elementor-widget-button\" data-id=\"b582b60\" data-element_type=\"widget\" data-widget_type=\"button.default\">\n\t\t\t\t<div class=\"elementor-widget-container\">\n\t\t\t\t\t\t\t\t\t<div class=\"elementor-button-wrapper\">\n\t\t\t\t\t<a class=\"elementor-button elementor-button-link elementor-size-sm\" href=\"https:\/\/assets.nationbuilder.com\/newbrunswickpc\/mailings\/12172\/attachments\/original\/2026_PCNB_Reglements_Regissant_la_Course_a_la_Chefferie_-_Finale.pdf?1758803473\" target=\"_blank\" download=\"\">\n\t\t\t\t\t\t<span class=\"elementor-button-content-wrapper\">\n\t\t\t\t\t\t\t\t\t<span class=\"elementor-button-text\">T\u00e9l\u00e9charger<\/span>\n\t\t\t\t\t<\/span>\n\t\t\t\t\t<\/a>\n\t\t\t\t<\/div>\n\t\t\t\t\t\t\t\t<\/div>\n\t\t\t\t<\/div>\n\t\t\t\t<\/div>\n\t\t\t\t\t<\/div>\n\t\t\t\t<\/div>\n\t\t<div class=\"elementor-element elementor-element-2732a72 e-flex e-con-boxed e-con e-parent\" data-id=\"2732a72\" data-element_type=\"container\">\n\t\t\t\t\t<div class=\"e-con-inner\">\n\t\t\t\t<div class=\"elementor-element elementor-element-cebcc4a elementor-widget elementor-widget-spacer\" data-id=\"cebcc4a\" data-element_type=\"widget\" data-widget_type=\"spacer.default\">\n\t\t\t\t<div class=\"elementor-widget-container\">\n\t\t\t\t\t\t\t<div class=\"elementor-spacer\">\n\t\t\t<div class=\"elementor-spacer-inner\"><\/div>\n\t\t<\/div>\n\t\t\t\t\t\t<\/div>\n\t\t\t\t<\/div>\n\t\t\t\t\t<\/div>\n\t\t\t\t<\/div>\n\t\t\t\t<\/div>","protected":false},"excerpt":{"rendered":"<p>Key Documents Constitution Download Candidate Application &#8211; English Download Demande de Candidature &#8211; Fran\u00e7ais Download LEADERSHIP ELECTION RULES Download R\u00c8GLEMENTS R\u00c9GISSANT LA COURSE \u00c0 LA CHEFFERIE Download<\/p>","protected":false},"author":1,"featured_media":0,"parent":0,"menu_order":0,"comment_status":"closed","ping_status":"closed","template":"elementor_header_footer","meta":{"footnotes":""},"class_list":["post-124","page","type-page","status-publish","hentry"],"_links":{"self":[{"href":"https:\/\/pcnb.ca\/fr\/wp-json\/wp\/v2\/pages\/124","targetHints":{"allow":["GET"]}}],"collection":[{"href":"https:\/\/pcnb.ca\/fr\/wp-json\/wp\/v2\/pages"}],"about":[{"href":"https:\/\/pcnb.ca\/fr\/wp-json\/wp\/v2\/types\/page"}],"author":[{"embeddable":true,"href":"https:\/\/pcnb.ca\/fr\/wp-json\/wp\/v2\/users\/1"}],"replies":[{"embeddable":true,"href":"https:\/\/pcnb.ca\/fr\/wp-json\/wp\/v2\/comments?post=124"}],"version-history":[{"count":80,"href":"https:\/\/pcnb.ca\/fr\/wp-json\/wp\/v2\/pages\/124\/revisions"}],"predecessor-version":[{"id":4736,"href":"https:\/\/pcnb.ca\/fr\/wp-json\/wp\/v2\/pages\/124\/revisions\/4736"}],"wp:attachment":[{"href":"https:\/\/pcnb.ca\/fr\/wp-json\/wp\/v2\/media?parent=124"}],"curies":[{"name":"wp","href":"https:\/\/api.w.org\/{rel}","templated":true}]}}